{"id":88,"date":"2020-04-17T14:35:42","date_gmt":"2020-04-17T14:35:42","guid":{"rendered":"http:\/\/demo22.wpengineers.com\/?page_id=88"},"modified":"2020-09-30T14:45:34","modified_gmt":"2020-09-30T14:45:34","slug":"home-page","status":"publish","type":"page","link":"https:\/\/onlove.academy\/it\/","title":{"rendered":"Home Page"},"content":{"rendered":"\t\t<div data-elementor-type=\"wp-page\" data-elementor-id=\"88\" class=\"elementor elementor-88\" data-elementor-settings=\"[]\">\n\t\t\t\t\t\t<div class=\"elementor-inner\">\n\t\t\t\t\t\t\t<div class=\"elementor-section-wrap\">\n\t\t\t\t\t\t\t<section class=\"elementor-section elementor-top-section elementor-element elementor-element-ef936e2 elementor-section-full_width elementor-section-height-full elementor-section-items-stretch lms-home-bg elementor-section-height-default elementor-invisible\" data-id=\"ef936e2\" data-element_type=\"section\" data-settings=\"{&quot;background_background&quot;:&quot;classic&quot;,&quot;animation&quot;:&quot;fadeIn&quot;}\">\n\t\t\t\t\t\t\t<div class=\"elementor-background-overlay\"><\/div>\n\t\t\t\t\t\t\t<div class=\"elementor-container elementor-column-gap-default\">\n\t\t\t\t\t\t\t<div class=\"elementor-row\">\n\t\t\t\t\t<div class=\"elementor-column elementor-col-100 elementor-top-column elementor-element elementor-element-910abe1\" data-id=\"910abe1\" data-element_type=\"column\">\n\t\t\t<div class=\"elementor-column-wrap elementor-element-populated\">\n\t\t\t\t\t\t\t<div class=\"elementor-widget-wrap\">\n\t\t\t\t\t\t<div class=\"elementor-element elementor-element-66ae471 lms-home-txt elementor-widget__width-auto elementor-widget elementor-widget-text-editor\" data-id=\"66ae471\" data-element_type=\"widget\" data-widget_type=\"text-editor.default\">\n\t\t\t\t<div class=\"elementor-widget-container\">\n\t\t\t\t\t\t\t\t<div class=\"elementor-text-editor elementor-clearfix\">\n\t\t\t\t\t\t\t\t\t\t<\/div>\n\t\t\t\t\t\t<\/div>\n\t\t\t\t<\/div>\n\t\t\t\t<section class=\"elementor-section elementor-inner-section elementor-element elementor-element-ba93dd1 elementor-section-boxed elementor-section-height-default elementor-section-height-default\" data-id=\"ba93dd1\" data-element_type=\"section\">\n\t\t\t\t\t\t<div class=\"elementor-container elementor-column-gap-default\">\n\t\t\t\t\t\t\t<div class=\"elementor-row\">\n\t\t\t\t\t<div class=\"elementor-column elementor-col-33 elementor-inner-column elementor-element elementor-element-067492d\" data-id=\"067492d\" data-element_type=\"column\">\n\t\t\t<div class=\"elementor-column-wrap elementor-element-populated\">\n\t\t\t\t\t\t\t<div class=\"elementor-widget-wrap\">\n\t\t\t\t\t\t<div class=\"elementor-element elementor-element-e5ee446 elementor-widget__width-auto elementor-widget elementor-widget-text-editor\" data-id=\"e5ee446\" data-element_type=\"widget\" data-widget_type=\"text-editor.default\">\n\t\t\t\t<div class=\"elementor-widget-container\">\n\t\t\t\t\t\t\t\t<div class=\"elementor-text-editor elementor-clearfix\">\n\t\t\t\t\t<h1 style=\"font-size: 2.66667rem;\">Bienvenu sur onLove\u00a0<\/h1><h6>Votre guide virtuel pour une vie intime et \u00e9motionnelle plus \u00e9panouie.<\/h6><h6><span style=\"font-size: 1rem; font-weight: 300; background-color: rgba(255, 255, 255, 0);\">Chaque programme onLove vise \u00e0 connecter intimement et enrichir l\u2019individu et le couple.\u00a0<\/span><\/h6><h6>Ces programmes ne sont pas de simples cours en lignes. Ils sont transformationnels.\u00a0<\/h6><h6>Certes ils contiennent un programme de vid\u00e9os explicatives. Mais la v\u00e9ritable valeur des programmes onLove r\u00e9side dans ce les questionnements, activit\u00e9s, ou mises en pratiques propos\u00e9s. Car ce sont ces activit\u00e9s qui vous permettrons r\u00e9ellement de transformer et enrichir votre vie intime.\u00a0\u00a0<\/h6><h6>Quelque soit l\u00e0 o\u00f9 vous en \u00eates dans votre vie intime, onLove aura un programme pour vous aider \u00e0 aller plus loin.\u00a0<\/h6>\t\t\t\t\t<\/div>\n\t\t\t\t\t\t<\/div>\n\t\t\t\t<\/div>\n\t\t\t\t\t\t<\/div>\n\t\t\t\t\t<\/div>\n\t\t<\/div>\n\t\t\t\t<div class=\"elementor-column elementor-col-33 elementor-inner-column elementor-element elementor-element-5bef5a1\" data-id=\"5bef5a1\" data-element_type=\"column\">\n\t\t\t<div class=\"elementor-column-wrap elementor-element-populated\">\n\t\t\t\t\t\t\t<div class=\"elementor-widget-wrap\">\n\t\t\t\t\t\t<div class=\"elementor-element elementor-element-4a66811 elementor-widget elementor-widget-text-editor\" data-id=\"4a66811\" data-element_type=\"widget\" data-widget_type=\"text-editor.default\">\n\t\t\t\t<div class=\"elementor-widget-container\">\n\t\t\t\t\t\t\t\t<div class=\"elementor-text-editor elementor-clearfix\">\n\t\t\t\t\t\t\t\t\t\t<\/div>\n\t\t\t\t\t\t<\/div>\n\t\t\t\t<\/div>\n\t\t\t\t\t\t<\/div>\n\t\t\t\t\t<\/div>\n\t\t<\/div>\n\t\t\t\t<div class=\"elementor-column elementor-col-33 elementor-inner-column elementor-element elementor-element-d21d690\" data-id=\"d21d690\" data-element_type=\"column\">\n\t\t\t<div class=\"elementor-column-wrap elementor-element-populated\">\n\t\t\t\t\t\t\t<div class=\"elementor-widget-wrap\">\n\t\t\t\t\t\t<div class=\"elementor-element elementor-element-1b1b496 elementor-widget elementor-widget-testimonial\" data-id=\"1b1b496\" data-element_type=\"widget\" data-widget_type=\"testimonial.default\">\n\t\t\t\t<div class=\"elementor-widget-container\">\n\t\t\t\t\t<div class=\"elementor-testimonial-wrapper elementor-testimonial-text-align-center\">\n\t\t\t\t\t\t\t<div class=\"elementor-testimonial-content\">\"Le meilleur cours en ligne sur le march\u00e9.\"<\/div>\n\t\t\t\n\t\t\t\t\t\t<div class=\"elementor-testimonial-meta elementor-has-image elementor-testimonial-image-position-aside\">\n\t\t\t\t<div class=\"elementor-testimonial-meta-inner\">\n\t\t\t\t\t\t\t\t\t\t\t<div class=\"elementor-testimonial-image\">\n\t\t\t\t\t\t\t<img width=\"150\" height=\"150\" src=\"https:\/\/onlove.academy\/wp-content\/uploads\/2020\/09\/DSC_8818-150x150.jpg\" class=\"attachment-thumbnail size-thumbnail\" alt=\"\" loading=\"lazy\" srcset=\"https:\/\/onlove.academy\/wp-content\/uploads\/2020\/09\/DSC_8818-150x150.jpg 150w, https:\/\/onlove.academy\/wp-content\/uploads\/2020\/09\/DSC_8818-64x64.jpg 64w, https:\/\/onlove.academy\/wp-content\/uploads\/2020\/09\/DSC_8818-300x300.jpg 300w, https:\/\/onlove.academy\/wp-content\/uploads\/2020\/09\/DSC_8818-100x100.jpg 100w\" sizes=\"(max-width: 150px) 100vw, 150px\" \/>\t\t\t\t\t\t<\/div>\n\t\t\t\t\t\n\t\t\t\t\t\t\t\t\t\t<div class=\"elementor-testimonial-details\">\n\t\t\t\t\t\t\t\t\t\t\t\t\t\t<div class=\"elementor-testimonial-name\">Marie R.<\/div>\n\t\t\t\t\t\t\t\t\t\t\t\t\t\t\t\t\t\t\t\t\t\t<div class=\"elementor-testimonial-job\">Paris, France<\/div>\n\t\t\t\t\t\t\t\t\t\t\t\t\t<\/div>\n\t\t\t\t\t\t\t\t\t<\/div>\n\t\t\t<\/div>\n\t\t\t\t\t<\/div>\n\t\t\t\t<\/div>\n\t\t\t\t<\/div>\n\t\t\t\t<div class=\"elementor-element elementor-element-cd22ab2 elementor-widget elementor-widget-testimonial\" data-id=\"cd22ab2\" data-element_type=\"widget\" data-widget_type=\"testimonial.default\">\n\t\t\t\t<div class=\"elementor-widget-container\">\n\t\t\t\t\t<div class=\"elementor-testimonial-wrapper elementor-testimonial-text-align-center\">\n\t\t\t\t\t\t\t<div class=\"elementor-testimonial-content\">\"Mon mari et moi avons suivi ce cours ensemble. Nous nous sentons plus forts que jamais.\"<\/div>\n\t\t\t\n\t\t\t\t\t\t<div class=\"elementor-testimonial-meta elementor-has-image elementor-testimonial-image-position-aside\">\n\t\t\t\t<div class=\"elementor-testimonial-meta-inner\">\n\t\t\t\t\t\t\t\t\t\t\t<div class=\"elementor-testimonial-image\">\n\t\t\t\t\t\t\t<img width=\"150\" height=\"150\" src=\"https:\/\/onlove.academy\/wp-content\/uploads\/2020\/09\/wedding-150x150.jpg\" class=\"attachment-thumbnail size-thumbnail\" alt=\"\" loading=\"lazy\" srcset=\"https:\/\/onlove.academy\/wp-content\/uploads\/2020\/09\/wedding-150x150.jpg 150w, https:\/\/onlove.academy\/wp-content\/uploads\/2020\/09\/wedding-64x64.jpg 64w, https:\/\/onlove.academy\/wp-content\/uploads\/2020\/09\/wedding-300x300.jpg 300w, https:\/\/onlove.academy\/wp-content\/uploads\/2020\/09\/wedding-100x100.jpg 100w\" sizes=\"(max-width: 150px) 100vw, 150px\" \/>\t\t\t\t\t\t<\/div>\n\t\t\t\t\t\n\t\t\t\t\t\t\t\t\t\t<div class=\"elementor-testimonial-details\">\n\t\t\t\t\t\t\t\t\t\t\t\t\t\t<div class=\"elementor-testimonial-name\">Adela N.<\/div>\n\t\t\t\t\t\t\t\t\t\t\t\t\t\t\t\t\t\t\t\t\t\t<div class=\"elementor-testimonial-job\">Tours, France<\/div>\n\t\t\t\t\t\t\t\t\t\t\t\t\t<\/div>\n\t\t\t\t\t\t\t\t\t<\/div>\n\t\t\t<\/div>\n\t\t\t\t\t<\/div>\n\t\t\t\t<\/div>\n\t\t\t\t<\/div>\n\t\t\t\t<div class=\"elementor-element elementor-element-64e8e84 elementor-widget elementor-widget-testimonial\" data-id=\"64e8e84\" data-element_type=\"widget\" data-widget_type=\"testimonial.default\">\n\t\t\t\t<div class=\"elementor-widget-container\">\n\t\t\t\t\t<div class=\"elementor-testimonial-wrapper elementor-testimonial-text-align-center\">\n\t\t\t\t\t\t\t<div class=\"elementor-testimonial-content\">\"OnLove a sauv\u00e9 mon mariage. Les cours sont amusants et passionnants et nous sommes plus heureux et plus forts que jamais gr\u00e0ce \u00e0 ces cours.\"<\/div>\n\t\t\t\n\t\t\t\t\t\t<div class=\"elementor-testimonial-meta elementor-has-image elementor-testimonial-image-position-aside\">\n\t\t\t\t<div class=\"elementor-testimonial-meta-inner\">\n\t\t\t\t\t\t\t\t\t\t\t<div class=\"elementor-testimonial-image\">\n\t\t\t\t\t\t\t<img width=\"2560\" height=\"1440\" src=\"https:\/\/onlove.academy\/wp-content\/uploads\/2020\/04\/1280x7204-scaled.jpg\" class=\"attachment-full size-full\" alt=\"\" loading=\"lazy\" srcset=\"https:\/\/onlove.academy\/wp-content\/uploads\/2020\/04\/1280x7204-scaled.jpg 2560w, https:\/\/onlove.academy\/wp-content\/uploads\/2020\/04\/1280x7204-scaled-600x338.jpg 600w, https:\/\/onlove.academy\/wp-content\/uploads\/2020\/04\/1280x7204-300x169.jpg 300w, https:\/\/onlove.academy\/wp-content\/uploads\/2020\/04\/1280x7204-1024x576.jpg 1024w, https:\/\/onlove.academy\/wp-content\/uploads\/2020\/04\/1280x7204-768x432.jpg 768w, https:\/\/onlove.academy\/wp-content\/uploads\/2020\/04\/1280x7204-1536x864.jpg 1536w, https:\/\/onlove.academy\/wp-content\/uploads\/2020\/04\/1280x7204-2048x1152.jpg 2048w\" sizes=\"(max-width: 2560px) 100vw, 2560px\" \/>\t\t\t\t\t\t<\/div>\n\t\t\t\t\t\n\t\t\t\t\t\t\t\t\t\t<div class=\"elementor-testimonial-details\">\n\t\t\t\t\t\t\t\t\t\t\t\t\t\t<div class=\"elementor-testimonial-name\">Leo A.<\/div>\n\t\t\t\t\t\t\t\t\t\t\t\t\t\t\t\t\t\t\t\t\t\t<div class=\"elementor-testimonial-job\">Bordeaux, France<\/div>\n\t\t\t\t\t\t\t\t\t\t\t\t\t<\/div>\n\t\t\t\t\t\t\t\t\t<\/div>\n\t\t\t<\/div>\n\t\t\t\t\t<\/div>\n\t\t\t\t<\/div>\n\t\t\t\t<\/div>\n\t\t\t\t\t\t<\/div>\n\t\t\t\t\t<\/div>\n\t\t<\/div>\n\t\t\t\t\t\t\t\t<\/div>\n\t\t\t\t\t<\/div>\n\t\t<\/section>\n\t\t\t\t<div class=\"elementor-element elementor-element-0e9af04 lms-home-btn elementor-widget elementor-widget-button\" data-id=\"0e9af04\" data-element_type=\"widget\" data-widget_type=\"button.default\">\n\t\t\t\t<div class=\"elementor-widget-container\">\n\t\t\t\t\t<div class=\"elementor-button-wrapper\">\n\t\t\t<a href=\"\/courses\/\" class=\"elementor-button-link elementor-button elementor-size-md\" role=\"button\">\n\t\t\t\t\t\t<span class=\"elementor-button-content-wrapper\">\n\t\t\t\t\t\t<span class=\"elementor-button-text\">Voir les cours<\/span>\n\t\t<\/span>\n\t\t\t\t\t<\/a>\n\t\t<\/div>\n\t\t\t\t<\/div>\n\t\t\t\t<\/div>\n\t\t\t\t\t\t<\/div>\n\t\t\t\t\t<\/div>\n\t\t<\/div>\n\t\t\t\t\t\t\t\t<\/div>\n\t\t\t\t\t<\/div>\n\t\t<\/section>\n\t\t\t\t\t\t<\/div>\n\t\t\t\t\t\t<\/div>\n\t\t\t\t\t<\/div>\n\t\t","protected":false},"excerpt":{"rendered":"<p>Bienvenu sur onLove\u00a0 Votre guide virtuel pour une vie intime et \u00e9motionnelle plus \u00e9panouie. Chaque programme onLove vise \u00e0 connecter intimement et enrichir l\u2019individu et le couple.\u00a0 Ces programmes ne sont pas de simples cours en lignes. Ils sont transformationnels.\u00a0 Certes ils contiennent un programme de vid\u00e9os explicatives. Mais la v\u00e9ritable valeur des programmes onLove &hellip;<\/p>\n<p class=\"read-more\"> <a class=\"\" href=\"https:\/\/onlove.academy\/it\/\"> <span class=\"screen-reader-text\">Home Page<\/span> Leggi altro &raquo;<\/a><\/p>\n","protected":false},"author":1,"featured_media":0,"parent":0,"menu_order":0,"comment_status":"closed","ping_status":"closed","template":"","meta":[],"_links":{"self":[{"href":"https:\/\/onlove.academy\/it\/wp-json\/wp\/v2\/pages\/88"}],"collection":[{"href":"https:\/\/onlove.academy\/it\/wp-json\/wp\/v2\/pages"}],"about":[{"href":"https:\/\/onlove.academy\/it\/wp-json\/wp\/v2\/types\/page"}],"author":[{"embeddable":true,"href":"https:\/\/onlove.academy\/it\/wp-json\/wp\/v2\/users\/1"}],"replies":[{"embeddable":true,"href":"https:\/\/onlove.academy\/it\/wp-json\/wp\/v2\/comments?post=88"}],"version-history":[{"count":97,"href":"https:\/\/onlove.academy\/it\/wp-json\/wp\/v2\/pages\/88\/revisions"}],"predecessor-version":[{"id":1418,"href":"https:\/\/onlove.academy\/it\/wp-json\/wp\/v2\/pages\/88\/revisions\/1418"}],"wp:attachment":[{"href":"https:\/\/onlove.academy\/it\/wp-json\/wp\/v2\/media?parent=88"}],"curies":[{"name":"wp","href":"https:\/\/api.w.org\/{rel}","templated":true}]}}